{"id":11,"date":"2008-12-15T01:25:51","date_gmt":"2008-12-15T00:25:51","guid":{"rendered":"http:\/\/kiamanokia.digital-pr.net\/?page_id=11"},"modified":"2009-02-02T03:09:01","modified_gmt":"2009-02-02T02:09:01","slug":"note-legali-e-policy-dei-commenti","status":"publish","type":"page","link":"http:\/\/www.kiamanokia.it\/index.php\/note-legali-e-policy-dei-commenti\/","title":{"rendered":"Note legali e policy dei commenti"},"content":{"rendered":"<p>Il proprietario del dominio di questo blog \u00e8 il titolare del diritto d\u2019autore del medesimo, secondo la legge italiana. I contenuti dei singoli post del blog rappresentano il punto di vista dell\u2019autore.<\/p>\n<p>Questo blog viene aggiornato senza alcuna periodicit\u00e0, la frequenza dei post non \u00e8 prestabilita e non pu\u00f2 considerarsi un prodotto editoriale n\u00e9 \u00e8 contraddistinto da una testata giornalistica ai sensi della legge n. 62 del 07\/03\/2001.<\/p>\n<p>L&#8217;utilizzo dei testi e delle immagini contenuti in questo blog \u00e8 soggetto alla normativa italiana sul diritto d&#8217;autore. \u00c8 possibile pubblicare e redistribuire testi e immagini citandone la fonte. Se hai dubbi sull&#8217;argomento puoi inviare un&#8217;<a href=\"mailto:tony@kiamanokia.it\" title=\"Scrivi un'e-mail a KiAmaNokia\">e-mail<\/a>.<\/p>\n<p><a title=\"policy\"><\/a>KiAmaNokia si riserva di rimuovere senza preavviso e a suo insindacabile giudizio commenti che siano illeciti, diffamatori e\/o calunniosi, volgari, lesivi della privacy altrui, razzisti, classisti o comunque reprensibili; che contengano promozioni relative a partiti politici, movimenti politici, religioni o sette, movimenti terroristici o estremistici e contenuti ispirati da fanatismo, razzismo, odio o irriverenza; che possano arrecare danno, in qualsivoglia modo, a minori d&#8217;et&#224;; che forniscano informazioni riservate, confidenziali anche apprese in forza di un rapporto di lavoro o di un patto di riservatezza; che contengano dati personali o numeri telefonici propri e di terzi; che siano lesivi di brevetti, marchi, segreti, diritti di autore o altri diritti di propriet&#224; industriale e\/o intellettuale di terzi soggetti; che abbiano contenuti di natura pubblicitaria e pi&#249; in generale che utilizzino i messaggi a scopo commerciale (promozione, sponsorizzazione e vendita di prodotti e servizi); che comunichino utilizzando messaggi in codice; che utilizzino un linguaggio scurrile o blasfemo. I contenuti dei singoli commenti del blog rappresentano il punto di vista dell\u2019autore. I commenti che riportano un indirizzo di posta elettronica palesemente fittizio saranno rimossi. KiAmaNokia si riserva di rilevare e conservare i dati identificativi, la data, l&#8217;ora e l&#8217;indirizzo IP del computer da cui vengono pubblicati i commenti al fine di consegnarli, dietro richiesta, alle autorit\u00e0 competenti.<\/p>\n<p>Infine, qui si gradisce la <a href=\"http:\/\/www.nic.it\/NA\/netiquette.txt\" target=\"_blank\" title=\"Netiquette\">netiquette<\/a>. \ud83d\ude09<\/p>\n","protected":false},"excerpt":{"rendered":"<p>Il proprietario del dominio di questo blog \u00e8 il titolare del diritto d\u2019autore del medesimo, secondo la legge italiana. I contenuti dei singoli post del blog rappresentano il punto di vista dell\u2019autore. Questo blog viene aggiornato senza alcuna periodicit\u00e0, la frequenza dei post non \u00e8 prestabilita e non pu\u00f2 considerarsi un prodotto editoriale n\u00e9 \u00e8 [&hellip;]<\/p>\n","protected":false},"author":1,"featured_media":0,"parent":0,"menu_order":0,"comment_status":"open","ping_status":"open","template":"","meta":{"footnotes":""},"class_list":["post-11","page","type-page","status-publish","hentry"],"_links":{"self":[{"href":"http:\/\/www.kiamanokia.it\/index.php\/wp-json\/wp\/v2\/pages\/11","targetHints":{"allow":["GET"]}}],"collection":[{"href":"http:\/\/www.kiamanokia.it\/index.php\/wp-json\/wp\/v2\/pages"}],"about":[{"href":"http:\/\/www.kiamanokia.it\/index.php\/wp-json\/wp\/v2\/types\/page"}],"author":[{"embeddable":true,"href":"http:\/\/www.kiamanokia.it\/index.php\/wp-json\/wp\/v2\/users\/1"}],"replies":[{"embeddable":true,"href":"http:\/\/www.kiamanokia.it\/index.php\/wp-json\/wp\/v2\/comments?post=11"}],"version-history":[{"count":0,"href":"http:\/\/www.kiamanokia.it\/index.php\/wp-json\/wp\/v2\/pages\/11\/revisions"}],"wp:attachment":[{"href":"http:\/\/www.kiamanokia.it\/index.php\/wp-json\/wp\/v2\/media?parent=11"}],"curies":[{"name":"wp","href":"https:\/\/api.w.org\/{rel}","templated":true}]}}